{"id":57,"date":"2018-01-29T13:21:59","date_gmt":"2018-01-29T12:21:59","guid":{"rendered":"http:\/\/www.isg-saar.de\/wordpress?page_id=57"},"modified":"2022-02-18T13:17:35","modified_gmt":"2022-02-18T12:17:35","slug":"mesmerize","status":"publish","type":"page","link":"http:\/\/isg-saar.de\/wordpress\/","title":{"rendered":"Front Page"},"content":{"rendered":"\t\t<div data-elementor-type=\"wp-page\" data-elementor-id=\"57\" class=\"elementor elementor-57\" data-elementor-settings=\"[]\">\n\t\t\t\t\t\t\t<div class=\"elementor-section-wrap\">\n\t\t\t\t\t\t\t<section class=\"elementor-section elementor-top-section elementor-element elementor-element-60ac7439 elementor-section-full_width elementor-section-height-default elementor-section-height-default\" data-id=\"60ac7439\" data-element_type=\"section\">\n\t\t\t\t\t\t<div class=\"elementor-container elementor-column-gap-default\">\n\t\t\t\t\t<div class=\"elementor-column elementor-col-100 elementor-top-column elementor-element elementor-element-40594dab\" data-id=\"40594dab\" data-element_type=\"column\">\n\t\t\t<div class=\"elementor-widget-wrap elementor-element-populated\">\n\t\t\t\t\t\t\t\t<div class=\"elementor-element elementor-element-3157d2b elementor-aspect-ratio-169 elementor-invisible elementor-widget elementor-widget-video\" data-id=\"3157d2b\" data-element_type=\"widget\" data-settings=\"{&quot;youtube_url&quot;:&quot;https:\\\/\\\/www.youtube.com\\\/watch?v=uIJGoGDxKB4&quot;,&quot;autoplay&quot;:&quot;yes&quot;,&quot;play_on_mobile&quot;:&quot;yes&quot;,&quot;loop&quot;:&quot;yes&quot;,&quot;_animation&quot;:&quot;slideInUp&quot;,&quot;mute&quot;:&quot;yes&quot;,&quot;video_type&quot;:&quot;youtube&quot;,&quot;aspect_ratio&quot;:&quot;169&quot;}\" data-widget_type=\"video.default\">\n\t\t\t\t<div class=\"elementor-widget-container\">\n\t\t\t<style>\/*! elementor - v3.5.5 - 03-02-2022 *\/\n.elementor-widget-video .elementor-widget-container{overflow:hidden;-webkit-transform:translateZ(0);transform:translateZ(0)}.elementor-widget-video .elementor-open-inline .elementor-custom-embed-image-overlay{position:absolute;top:0;left:0;width:100%;height:100%;-webkit-background-size:cover;background-size:cover;background-position:50%}.elementor-widget-video .elementor-custom-embed-image-overlay{cursor:pointer;text-align:center}.elementor-widget-video .elementor-custom-embed-image-overlay:hover .elementor-custom-embed-play i{opacity:1}.elementor-widget-video .elementor-custom-embed-image-overlay img{display:block;width:100%}.elementor-widget-video .e-hosted-video .elementor-video{-o-object-fit:cover;object-fit:cover}<\/style>\t\t<div class=\"elementor-wrapper elementor-fit-aspect-ratio elementor-open-inline\">\n\t\t\t<div class=\"elementor-video\"><\/div>\t\t<\/div>\n\t\t\t\t<\/div>\n\t\t\t\t<\/div>\n\t\t\t\t<div class=\"elementor-element elementor-element-53724f28 elementor-widget elementor-widget-text-editor\" data-id=\"53724f28\" data-element_type=\"widget\" data-widget_type=\"text-editor.default\">\n\t\t\t\t<div class=\"elementor-widget-container\">\n\t\t\t<style>\/*! elementor - v3.5.5 - 03-02-2022 *\/\n.elementor-widget-text-editor.elementor-drop-cap-view-stacked .elementor-drop-cap{background-color:#818a91;color:#fff}.elementor-widget-text-editor.elementor-drop-cap-view-framed .elementor-drop-cap{color:#818a91;border:3px solid;background-color:transparent}.elementor-widget-text-editor:not(.elementor-drop-cap-view-default) .elementor-drop-cap{margin-top:8px}.elementor-widget-text-editor:not(.elementor-drop-cap-view-default) .elementor-drop-cap-letter{width:1em;height:1em}.elementor-widget-text-editor .elementor-drop-cap{float:left;text-align:center;line-height:1;font-size:50px}.elementor-widget-text-editor .elementor-drop-cap-letter{display:inline-block}<\/style>\t\t\t\t<div  class=\"overlappable-4 content-section content-section-spacing\" id=\"overlappable-4\" style=\"background-color: #ffffff;\" data-label=\"Overlappable\" data-id=\"overlappable-4\" data-category=\"overlappable\" data-overlap=\"true\" data-export-id=\"overlappable-4\">\r\n<div  class=\"gridContainer\">\r\n<div  class=\"row spaced-cols text-center\" data-type=\"row\">\r\n<div  class=\"col-xs-12 col-sm-4 col-padding\">\r\n\r\n<i  class=\"fa icon shadow-large-black aligncenter color8 fa-map-marker reverse round large color7\"> <\/i>\r\n<div  data-type=\"column\" class=\"\">\r\n<h5  class=\"\">Im Saarland zu Hause<\/h5>\r\nDie ISG ist ein mittelst\u00e4ndisches Unternehmen beheimatet im Herzen des Saarlandes.\r\n\r\n<\/div>\r\n<\/div>\r\n<div  class=\"col-xs-12 col-sm-4 col-padding\">\r\n\r\n<i  class=\"fa icon shadow-large-black aligncenter color8 fa-dot-circle-o reverse round large color1\"> <\/i>\r\n<div  data-type=\"column\" class=\"\">\r\n<h5  class=\"\">Den Kunden im Fokus<\/h5>\r\nAls junges, flexibles und dynamisches Unternehmen sind wir immer darum bem\u00fcht, Ihre Anforderungen zu erf\u00fcllen.\r\n\r\n<\/div>\r\n<\/div>\r\n<div  class=\"col-xs-12 col-sm-4 col-padding\">\r\n\r\n<i  class=\"fa icon shadow-large-black aligncenter color8 fa-handshake-o reverse round large color1\"> <\/i>\r\n<div  data-type=\"column\" class=\"\">\r\n<h5  class=\"\">Hand in Hand<\/h5>\r\nUm Ihren Anforderungen gerecht zu werden, arbeiten wir gut organisiert im Team zusammen.\r\n\r\n<\/div>\r\n<\/div>\r\n<\/div>\r\n<\/div>\r\n<\/div><div  class=\"content-2 content-section content-section-spacing content-relative\" id=\"content-13\" style=\"background-image: none; background-color: rgb(193, 219, 186);\" data-label=\"Content\" data-id=\"content-2\" data-category=\"content\" data-export-id=\"content-2\">\r\n<div >\r\n<div  class=\"row middle-xs\">\r\n<div  class=\"col-sm-5 bg-image shadow-large-black\" style=\"background-image: url('http:\/\/isg-saar.de\/wordpress\/wp-content\/uploads\/2018\/05\/cropped-20180226_113418.jpg');\" data-bg=\"image\"><\/div>\r\n<div  class=\"col-sm-7 full-col-left-padding full-col-right-padding\">\r\n<div  class=\"row\">\r\n<div  class=\"space-bottom-small content-title-col\" data-type=\"column\">\r\n<h2  class=\"\"><span  style=\"color: rgb(0, 0, 0);\">Unser Antrieb<\/span><\/h2>\r\nDie Flotte der ISG ist in ganz Europa unterwegs. Immer mit an Bord: Ihre Fracht. Um ans Ziel zu kommen, ist Flexibilit\u00e4t notwendig. Jeder Auftrag erfordert&nbsp; Einfallsreichtum und gute Planung. Und darin liegt unsere gro\u00dfe St\u00e4rke, darauf ist unser Arbeitsalltag ausgerichtet.\r\n\r\n<\/div>\r\n<\/div>\r\n<div  class=\"row spaced-cols \" data-type=\"row\">\r\n<div  class=\"col-xs-6\" data-type=\"column\"><\/div>\r\n<\/div>\r\n<\/div>\r\n<\/div>\r\n<\/div>\r\n<\/div><div  class=\"content-3 content-section content-section-spacing content-relative\" id=\"content-14\" style=\"background-image: none; background-color: rgb(115, 205, 93);\" data-label=\"Content\" data-id=\"content-3\" data-category=\"content\" data-export-id=\"content-3\">\r\n<div >\r\n<div  class=\"row middle-xs\">\r\n<div  class=\"col-sm-7 full-col-left-padding full-col-right-padding\">\r\n<div  class=\"row\">\r\n<div  class=\"space-bottom-small content-title-col\" data-type=\"column\">\r\n<h2  class=\"\">Unser Arbeitsalltag<\/h2>\r\nFlexibilit\u00e4t ist ein vielschichtiger Begriff. Im Arbeitsalltag f\u00fcllt er sich mit Leben. Um zu gew\u00e4hrleisten, dass Ihre Fracht am Ziel ankommt, ist gro\u00dfe Teamf\u00e4higkeit gefragt. Gerade als kleines Unternehmen auf einem gro\u00dfen Markt kann es nur unser Anspruch sein, Ihre Anforderungen vollst\u00e4ndig und flexibel zu erf\u00fcllen. Und so setzen wir das um:\r\n\r\n<\/div>\r\n<\/div>\r\n<div  class=\"row spaced-cols\" data-type=\"row\">\r\n<div  class=\"col-xs-6\" data-type=\"column\">\r\n<h5  class=\"\">Fachkompetenz<\/h5>\r\nMit mehrsprachigen Mitarbeitern und jahrelanger Erfahrung sind wir bestens auf Ihre Auftr\u00e4ge vorbereitet.\r\n\r\n<\/div>\r\n<div  class=\"col-xs-6\" data-type=\"column\">\r\n<h5  class=\"\">Expertenteams<\/h5>\r\nExpertise macht uns effizient. Deshalb sind wir in einzelne, geographisch sortierte Expertenteams gegliedert.\r\n\r\n<\/div>\r\n<div  class=\"col-xs-6\" data-type=\"column\">\r\n<h5  class=\"\">Kundenorientierung<\/h5>\r\nIhre Auftr\u00e4ge stehen immer im Mittelpunkt unseres Schaffens. Weil unser Fokus auf Ihren Anforderungen liegt, ist Ihre Fracht bei uns in guten H\u00e4nden.\r\n\r\n<\/div>\r\n<div  class=\"col-xs-6\" data-type=\"column\">\r\n<h5  class=\"\">Feste Abl\u00e4ufe<\/h5>\r\nOrganisiertes Arbeiten hilft uns dabei, flexibel reagieren zu k\u00f6nnen. Jahrzehntelange Berufserfahrung ist Grundlage reibungsloser Abl\u00e4ufe.\r\n\r\n<\/div>\r\n<\/div>\r\n<\/div>\r\n<div  class=\"col-sm-5 bg-image shadow-large-black revert-classes-holder\" style=\"background-image: url('http:\/\/isg-saar.de\/wordpress\/wp-content\/uploads\/2018\/05\/cropped-20180226_113044.jpg');\" data-bg=\"image\"><\/div>\r\n<\/div>\r\n<\/div>\r\n<\/div><div  class=\"testimonials-5 content-section content-section-spacing\" id=\"testimonials-5\" style=\"background-color: #ffffff;\" data-label=\"Testimonials\" data-id=\"testimonials-5\" data-category=\"testimonials\" data-export-id=\"testimonials-5\">\r\n<div  class=\"gridContainer\">\r\n<div  class=\"row\">\r\n<div  class=\"section-title-col\" data-type=\"column\">\r\n<h2  class=\"\">Unsere Schwerpunkte im \u00dcberblick<\/h2>\r\n<\/div>\r\n<\/div>\r\n<div  class=\"row spaced-cols content-center-sm\" data-type=\"row\">\r\n<div  class=\"col-sm-4\">\r\n<div  class=\"card y-move bordered\" data-type=\"column\">\r\n\r\n<i  class=\"fa icon fa-check small color1\"><\/i>\r\n<p  class=\"text-center\">Teil- und Komplettladungen und St\u00fcckgutsammel-verkehre in die Industriezentren Europas<\/p>\r\n<img  class=\"round icon\" src=\"http:\/\/isg-saar.de\/wordpress\/wp-content\/uploads\/2018\/05\/cropped-lkw-kopie.jpg\">\r\n<h6  class=\"\">Landverkehre<\/h6>\r\n<\/div>\r\n<\/div>\r\n<div  class=\"col-sm-4\">\r\n<div  class=\"card y-move bordered\" data-type=\"column\">\r\n\r\n<i  class=\"fa icon fa-check small color1\"><\/i>\r\n<p  class=\"text-center\">Dienstleistungen weit \u00fcber die reine Transportbesorgung (per LKW, Flugzeug, Bahn, See- oder Binnenschiff) hinaus<\/p>\r\n<img  class=\"round icon\" src=\"http:\/\/isg-saar.de\/wordpress\/wp-content\/uploads\/2018\/05\/cropped-20180226_113444.jpg\">\r\n<h6  class=\"\">Bef\u00f6rderung &amp; Umschlag<\/h6>\r\n<\/div>\r\n<\/div>\r\n<div  class=\"col-sm-4\">\r\n<div  class=\"card y-move bordered\" data-type=\"column\">\r\n\r\n<i  class=\"fa icon fa-check small color1\"><\/i>\r\n<p  class=\"text-center\">Atlas-Ein- und Ausfuhr, NCTS-Verfahren, Kommunikation mit dem Systemen aller in Frage kommenden Beh\u00f6rden<\/p>\r\n<img  class=\"round icon\" src=\"http:\/\/isg-saar.de\/wordpress\/wp-content\/uploads\/2018\/05\/cropped-lkw-2-kopie.jpg\">\r\n<h6  class=\"\">Verzollung<\/h6>\r\n<\/div>\r\n<\/div>\r\n<\/div>\r\n<\/div>\r\n<\/div><div  class=\"contact-5 content-section content-section-spacing\" id=\"contact-4\" style=\"background-color: #f5fafd;\" data-label=\"Contact\" data-id=\"contact-6\" data-category=\"contact\" data-export-id=\"contact-6\">\r\n<div  class=\"gridContainer\">\r\n<div  class=\"row text-center\">\r\n<div  class=\"section-title-col\" data-type=\"column\">\r\n<h2  class=\"\">Sie m\u00f6chten uns erreichen?<\/h2>\r\n<\/div>\r\n<\/div>\r\n<div  class=\"row middle-sm\">\r\n<div  class=\"col-xs-12 col-sm-6 image-holder space-bottom-xs\">\r\n\r\n<iframe loading=\"lazy\"  src=\"https:\/\/www.google.com\/maps\/embed?pb=!1m18!1m12!1m3!1d2599.259675880258!2d6.781991315484203!3d49.34723347411603!2m3!1f0!2f0!3f0!3m2!1i1024!2i768!4f13.1!3m3!1m2!1s0x4795a63fcbfa942b%3A0xa1082426bbbb277a!2sISG+Internationale+Speditionsgesellschaft+mbH+%26+Co.+KG!5e0!3m2!1sde!2sde!4v1517491702711\" allowfullscreen=\"allowfullscreen\" style=\"border: 0;\" width=\"600\" height=\"450\" frameborder=\"0\"><\/iframe>\r\n\r\n<\/div>\r\n<div  class=\"col-xs-12 col-sm-6\">\r\n<div  class=\"row middle-sm\">\r\n<div  class=\"col-xs-12 space-bottom-small\" data-type=\"column\">\r\n<h3  class=\"color1\">Unsere Kontaktdaten:<\/h3>\r\n<\/div>\r\n<\/div>\r\n<div  class=\"row middle-sm\" data-type=\"row\">\r\n<div  class=\"col-xs-12 space-bottom-small\">\r\n<div  class=\"row\">\r\n<div  class=\"col-xs-12 col-sm-fit label-col\" data-type=\"column\">\r\n<h5  class=\"\">Adresse:<\/h5>\r\n<\/div>\r\n<div  class=\"col-xs-12 col-sm\" data-type=\"column\">\r\n\r\nOtto-Hahn-Stra\u00dfe 3\r\n66793 Saarwellingen\r\n\r\n<\/div>\r\n<\/div>\r\n<\/div>\r\n<div  class=\"col-xs-12 space-bottom-small\">\r\n<div  class=\"row\">\r\n<div  class=\"col-xs-12 col-sm-fit label-col\" data-type=\"column\">\r\n<h5  class=\"\">Telefon:<\/h5>\r\n<\/div>\r\n<div  class=\"col-xs-12 col-sm\" data-type=\"column\">\r\n\r\n06838\/985740\r\n\r\n<\/div>\r\n<\/div>\r\n<\/div>\r\n<div  class=\"col-xs-12 space-bottom-small\">\r\n<div  class=\"row\">\r\n<div  class=\"col-xs-12 col-sm-fit label-col\" data-type=\"column\">\r\n<h5  class=\"\">Fax:<\/h5>\r\n<\/div>\r\n<div  class=\"col-xs-12 col-sm\" data-type=\"column\">\r\n\r\n06838\/9857420\r\n\r\n<\/div>\r\n<\/div>\r\n<\/div>\r\n<div  class=\"col-xs-12 space-bottom-small\">\r\n<div  class=\"row\">\r\n<div  class=\"col-xs-12 col-sm-fit label-col\" data-type=\"column\">\r\n<h5  class=\"\">Email:<\/h5>\r\n<\/div>\r\n<div  class=\"col-xs-12 col-sm\" data-type=\"column\"><a href=\"mailto:\" target=\"_self\" data-cp-link=\"1\" rel=\"noopener noreferrer\" class=\"\">info@isg-saar.de<\/a><\/div>\r\n<\/div>\r\n<\/div>\r\n<\/div>\r\n<\/div>\r\n<\/div>\r\n<\/div>\r\n<\/div>\t\t\t\t\t\t<\/div>\n\t\t\t\t<\/div>\n\t\t\t\t\t<\/div>\n\t\t<\/div>\n\t\t\t\t\t\t\t<\/div>\n\t\t<\/section>\n\t\t\t\t\t\t<\/div>\n\t\t\t\t\t<\/div>\n\t\t","protected":false},"excerpt":{"rendered":"<p>Im Saarland zu Hause Die ISG ist ein mittelst\u00e4ndisches Unternehmen beheimatet im Herzen des Saarlandes. Den Kunden im Fokus Als junges, flexibles und dynamisches Unternehmen sind wir immer darum bem\u00fcht, Ihre Anforderungen zu erf\u00fcllen. Hand in Hand Um Ihren Anforderungen gerecht zu werden, arbeiten wir gut organisiert im Team zusammen. Unser Antrieb Die Flotte der&hellip; <br \/> <a class=\"read-more\" href=\"http:\/\/isg-saar.de\/wordpress\/\">Weiterlesen<\/a><\/p>\n","protected":false},"author":1,"featured_media":0,"parent":0,"menu_order":0,"comment_status":"closed","ping_status":"closed","template":"page-templates\/homepage.php","meta":[],"_links":{"self":[{"href":"http:\/\/isg-saar.de\/wordpress\/wp-json\/wp\/v2\/pages\/57"}],"collection":[{"href":"http:\/\/isg-saar.de\/wordpress\/wp-json\/wp\/v2\/pages"}],"about":[{"href":"http:\/\/isg-saar.de\/wordpress\/wp-json\/wp\/v2\/types\/page"}],"author":[{"embeddable":true,"href":"http:\/\/isg-saar.de\/wordpress\/wp-json\/wp\/v2\/users\/1"}],"replies":[{"embeddable":true,"href":"http:\/\/isg-saar.de\/wordpress\/wp-json\/wp\/v2\/comments?post=57"}],"version-history":[{"count":47,"href":"http:\/\/isg-saar.de\/wordpress\/wp-json\/wp\/v2\/pages\/57\/revisions"}],"predecessor-version":[{"id":672,"href":"http:\/\/isg-saar.de\/wordpress\/wp-json\/wp\/v2\/pages\/57\/revisions\/672"}],"wp:attachment":[{"href":"http:\/\/isg-saar.de\/wordpress\/wp-json\/wp\/v2\/media?parent=57"}],"curies":[{"name":"wp","href":"https:\/\/api.w.org\/{rel}","templated":true}]}}